{"id":3391,"date":"2021-07-29T12:05:06","date_gmt":"2021-07-29T09:05:06","guid":{"rendered":"https:\/\/villa-wiola.gr\/explorer\/"},"modified":"2021-08-03T10:25:29","modified_gmt":"2021-08-03T07:25:29","slug":"explorer","status":"publish","type":"page","link":"https:\/\/villa-wiola.gr\/fr\/explorer\/","title":{"rendered":"Explorer"},"content":{"rendered":"\t\t<div data-elementor-type=\"wp-post\" data-elementor-id=\"3391\" class=\"elementor elementor-3391 elementor-423\" data-elementor-settings=\"[]\">\n\t\t\t\t\t\t\t<div class=\"elementor-section-wrap\">\n\t\t\t\t\t\t\t<section class=\"elementor-section elementor-top-section elementor-element elementor-element-c230fd3 elementor-section-boxed elementor-section-height-default elementor-section-height-default\" data-id=\"c230fd3\" data-element_type=\"section\" data-settings=\"{&quot;hoteller_ext_is_background_parallax&quot;:&quot;false&quot;,&quot;hoteller_ext_is_background_on_scroll&quot;:&quot;false&quot;}\">\n\t\t\t\t\t\t<div class=\"elementor-container elementor-column-gap-default\">\n\t\t\t\t\t<div class=\"elementor-column elementor-col-100 elementor-top-column elementor-element elementor-element-1aad598\" data-id=\"1aad598\" data-element_type=\"column\" data-settings=\"{&quot;hoteller_ext_is_scrollme&quot;:&quot;false&quot;,&quot;hoteller_ext_is_smoove&quot;:&quot;false&quot;,&quot;hoteller_ext_is_parallax_mouse&quot;:&quot;false&quot;,&quot;hoteller_ext_is_infinite&quot;:&quot;false&quot;,&quot;hoteller_ext_is_fadeout_animation&quot;:&quot;false&quot;}\">\n\t\t\t<div class=\"elementor-widget-wrap elementor-element-populated\">\n\t\t\t\t\t\t\t\t<div class=\"elementor-element elementor-element-8e1d38a elementor-invisible elementor-widget elementor-widget-heading\" data-id=\"8e1d38a\" data-element_type=\"widget\" data-settings=\"{&quot;_animation&quot;:&quot;fadeInUp&quot;,&quot;hoteller_ext_is_scrollme&quot;:&quot;false&quot;,&quot;hoteller_ext_is_smoove&quot;:&quot;false&quot;,&quot;hoteller_ext_is_parallax_mouse&quot;:&quot;false&quot;,&quot;hoteller_ext_is_infinite&quot;:&quot;false&quot;,&quot;hoteller_ext_is_fadeout_animation&quot;:&quot;false&quot;}\" data-widget_type=\"heading.default\">\n\t\t\t\t<div class=\"elementor-widget-container\">\n\t\t\t<h1 class=\"elementor-heading-title elementor-size-default\">Explorez Barbati, explorez Corfou<\/h1>\t\t<\/div>\n\t\t\t\t<\/div>\n\t\t\t\t<div class=\"elementor-element elementor-element-4c7cfbb elementor-invisible elementor-widget elementor-widget-text-editor\" data-id=\"4c7cfbb\" data-element_type=\"widget\" data-settings=\"{&quot;_animation&quot;:&quot;fadeInUp&quot;,&quot;_animation_delay&quot;:400,&quot;hoteller_ext_is_scrollme&quot;:&quot;false&quot;,&quot;hoteller_ext_is_smoove&quot;:&quot;false&quot;,&quot;hoteller_ext_is_parallax_mouse&quot;:&quot;false&quot;,&quot;hoteller_ext_is_infinite&quot;:&quot;false&quot;,&quot;hoteller_ext_is_fadeout_animation&quot;:&quot;false&quot;}\" data-widget_type=\"text-editor.default\">\n\t\t\t\t<div class=\"elementor-widget-container\">\n\t\t\t\t\t\t\t<p>La beaut\u00e9 de la mer Ionienne vous attend.<\/p>\n\t\t\t\t\t\t<\/div>\n\t\t\t\t<\/div>\n\t\t\t\t\t<\/div>\n\t\t<\/div>\n\t\t\t\t\t\t\t<\/div>\n\t\t<\/section>\n\t\t\t\t<section class=\"elementor-section elementor-top-section elementor-element elementor-element-ff66202 elementor-section-stretched elementor-section-height-min-height elementor-section-boxed elementor-section-height-default elementor-section-items-middle elementor-invisible\" data-id=\"ff66202\" data-element_type=\"section\" data-settings=\"{&quot;stretch_section&quot;:&quot;section-stretched&quot;,&quot;background_background&quot;:&quot;classic&quot;,&quot;animation&quot;:&quot;fadeIn&quot;,&quot;background_motion_fx_motion_fx_scrolling&quot;:&quot;yes&quot;,&quot;background_motion_fx_devices&quot;:[&quot;desktop&quot;,&quot;tablet&quot;,&quot;mobile&quot;],&quot;hoteller_ext_is_background_parallax&quot;:&quot;false&quot;,&quot;hoteller_ext_is_background_on_scroll&quot;:&quot;false&quot;}\">\n\t\t\t\t\t\t<div class=\"elementor-container elementor-column-gap-default\">\n\t\t\t\t\t<div class=\"elementor-column elementor-col-100 elementor-top-column elementor-element elementor-element-0b74a22\" data-id=\"0b74a22\" data-element_type=\"column\" data-settings=\"{&quot;hoteller_ext_is_scrollme&quot;:&quot;false&quot;,&quot;hoteller_ext_is_smoove&quot;:&quot;false&quot;,&quot;hoteller_ext_is_parallax_mouse&quot;:&quot;false&quot;,&quot;hoteller_ext_is_infinite&quot;:&quot;false&quot;,&quot;hoteller_ext_is_fadeout_animation&quot;:&quot;false&quot;}\">\n\t\t\t<div class=\"elementor-widget-wrap\">\n\t\t\t\t\t\t\t\t\t<\/div>\n\t\t<\/div>\n\t\t\t\t\t\t\t<\/div>\n\t\t<\/section>\n\t\t\t\t<section class=\"elementor-section elementor-top-section elementor-element elementor-element-5955283 elementor-section-boxed elementor-section-height-default elementor-section-height-default\" data-id=\"5955283\" data-element_type=\"section\" data-settings=\"{&quot;hoteller_ext_is_background_parallax&quot;:&quot;false&quot;,&quot;hoteller_ext_is_background_on_scroll&quot;:&quot;false&quot;}\">\n\t\t\t\t\t\t<div class=\"elementor-container elementor-column-gap-default\">\n\t\t\t\t\t<div class=\"elementor-column elementor-col-100 elementor-top-column elementor-element elementor-element-564dba8\" data-id=\"564dba8\" data-element_type=\"column\" data-settings=\"{&quot;hoteller_ext_is_scrollme&quot;:&quot;false&quot;,&quot;hoteller_ext_is_smoove&quot;:&quot;false&quot;,&quot;hoteller_ext_is_parallax_mouse&quot;:&quot;false&quot;,&quot;hoteller_ext_is_infinite&quot;:&quot;false&quot;,&quot;hoteller_ext_is_fadeout_animation&quot;:&quot;false&quot;}\">\n\t\t\t<div class=\"elementor-widget-wrap elementor-element-populated\">\n\t\t\t\t\t\t\t\t<div class=\"elementor-element elementor-element-0f1da61 elementor-invisible elementor-widget elementor-widget-text-editor\" data-id=\"0f1da61\" data-element_type=\"widget\" data-settings=\"{&quot;_animation&quot;:&quot;fadeInUp&quot;,&quot;hoteller_ext_is_scrollme&quot;:&quot;false&quot;,&quot;hoteller_ext_is_smoove&quot;:&quot;false&quot;,&quot;hoteller_ext_is_parallax_mouse&quot;:&quot;false&quot;,&quot;hoteller_ext_is_infinite&quot;:&quot;false&quot;,&quot;hoteller_ext_is_fadeout_animation&quot;:&quot;false&quot;}\" data-widget_type=\"text-editor.default\">\n\t\t\t\t<div class=\"elementor-widget-container\">\n\t\t\t\t\t\t\t<p>Le village de Barbati est situ\u00e9 au nord-est de Corfou, \u00e0 seulement 20 km de la capitale. Le village est situ\u00e9 sur les pentes de la plus haute montagne de Corfou, Pantokrator, et offre une vue magnifique. Sur le c\u00f4t\u00e9 droit, vous pouvez voir la ville de Corfou, tandis que de l&rsquo;avant, vous pouvez voir l&rsquo;Albanie et la Gr\u00e8ce continentale.<\/p>\n<p>La plage de Barbati est l&rsquo;une des nombreuses plages de Corfou, elle est sableuse avec des galets blancs et une eau cristalline. La particularit\u00e9 de Barbati est de combiner la montagne et la mer. \u00c0 Barbati, vous pouvez pratiquer diverses activit\u00e9s telles que la plong\u00e9e avec tuba ou d\u00e9couvrir les tavernes et les boutiques touristiques de la r\u00e9gion.<\/p>\n<p>Barbati est tr\u00e8s bien reli\u00e9e \u00e0 Corfou et Ipsos par des liaisons par bus r\u00e9guli\u00e8res.<\/p>\n\t\t\t\t\t\t<\/div>\n\t\t\t\t<\/div>\n\t\t\t\t\t<\/div>\n\t\t<\/div>\n\t\t\t\t\t\t\t<\/div>\n\t\t<\/section>\n\t\t\t\t<section class=\"elementor-section elementor-top-section elementor-element elementor-element-2cb0af3 elementor-section-boxed elementor-section-height-default elementor-section-height-default\" data-id=\"2cb0af3\" data-element_type=\"section\" data-settings=\"{&quot;hoteller_ext_is_background_parallax&quot;:&quot;false&quot;,&quot;hoteller_ext_is_background_on_scroll&quot;:&quot;false&quot;}\">\n\t\t\t\t\t\t<div class=\"elementor-container elementor-column-gap-default\">\n\t\t\t\t\t<div class=\"elementor-column elementor-col-100 elementor-top-column elementor-element elementor-element-f8884f2\" data-id=\"f8884f2\" data-element_type=\"column\" data-settings=\"{&quot;hoteller_ext_is_scrollme&quot;:&quot;false&quot;,&quot;hoteller_ext_is_smoove&quot;:&quot;false&quot;,&quot;hoteller_ext_is_parallax_mouse&quot;:&quot;false&quot;,&quot;hoteller_ext_is_infinite&quot;:&quot;false&quot;,&quot;hoteller_ext_is_fadeout_animation&quot;:&quot;false&quot;}\">\n\t\t\t<div class=\"elementor-widget-wrap elementor-element-populated\">\n\t\t\t\t\t\t\t\t<div class=\"elementor-element elementor-element-e81d4a3 elementor-invisible elementor-widget elementor-widget-image\" data-id=\"e81d4a3\" data-element_type=\"widget\" data-settings=\"{&quot;_animation&quot;:&quot;fadeInUp&quot;,&quot;hoteller_image_is_animation&quot;:&quot;false&quot;,&quot;hoteller_ext_is_scrollme&quot;:&quot;false&quot;,&quot;hoteller_ext_is_smoove&quot;:&quot;false&quot;,&quot;hoteller_ext_is_parallax_mouse&quot;:&quot;false&quot;,&quot;hoteller_ext_is_infinite&quot;:&quot;false&quot;,&quot;hoteller_ext_is_fadeout_animation&quot;:&quot;false&quot;}\" data-widget_type=\"image.default\">\n\t\t\t\t<div class=\"elementor-widget-container\">\n\t\t\t\t\t\t\t\t\t\t\t\t<figure class=\"wp-caption\">\n\t\t\t\t\t\t\t\t\t\t<img width=\"1920\" height=\"1080\" src=\"https:\/\/villa-wiola.gr\/wp-content\/uploads\/2021\/06\/mparmpati-beach.jpg\" class=\"attachment-full size-full\" alt=\"Plage de Barbati\" loading=\"lazy\" srcset=\"https:\/\/villa-wiola.gr\/wp-content\/uploads\/2021\/06\/mparmpati-beach.jpg 1920w, https:\/\/villa-wiola.gr\/wp-content\/uploads\/2021\/06\/mparmpati-beach-300x169.jpg 300w, https:\/\/villa-wiola.gr\/wp-content\/uploads\/2021\/06\/mparmpati-beach-1024x576.jpg 1024w, https:\/\/villa-wiola.gr\/wp-content\/uploads\/2021\/06\/mparmpati-beach-768x432.jpg 768w, https:\/\/villa-wiola.gr\/wp-content\/uploads\/2021\/06\/mparmpati-beach-1536x864.jpg 1536w, https:\/\/villa-wiola.gr\/wp-content\/uploads\/2021\/06\/mparmpati-beach-440x248.jpg 440w, https:\/\/villa-wiola.gr\/wp-content\/uploads\/2021\/06\/mparmpati-beach-600x338.jpg 600w\" sizes=\"(max-width: 1920px) 100vw, 1920px\" \/>\t\t\t\t\t\t\t\t\t\t\t<figcaption class=\"widget-image-caption wp-caption-text\">Plage de Barbati<\/figcaption>\n\t\t\t\t\t\t\t\t\t\t<\/figure>\n\t\t\t\t\t\t\t\t\t<\/div>\n\t\t\t\t<\/div>\n\t\t\t\t<div class=\"elementor-element elementor-element-8b019b6 elementor-invisible elementor-widget elementor-widget-image\" data-id=\"8b019b6\" data-element_type=\"widget\" data-settings=\"{&quot;_animation&quot;:&quot;fadeInUp&quot;,&quot;hoteller_image_is_animation&quot;:&quot;false&quot;,&quot;hoteller_ext_is_scrollme&quot;:&quot;false&quot;,&quot;hoteller_ext_is_smoove&quot;:&quot;false&quot;,&quot;hoteller_ext_is_parallax_mouse&quot;:&quot;false&quot;,&quot;hoteller_ext_is_infinite&quot;:&quot;false&quot;,&quot;hoteller_ext_is_fadeout_animation&quot;:&quot;false&quot;}\" data-widget_type=\"image.default\">\n\t\t\t\t<div class=\"elementor-widget-container\">\n\t\t\t\t\t\t\t\t\t\t\t\t<figure class=\"wp-caption\">\n\t\t\t\t\t\t\t\t\t\t<img width=\"1920\" height=\"1080\" src=\"https:\/\/villa-wiola.gr\/wp-content\/uploads\/2021\/06\/verde-blue-complex.jpg\" class=\"attachment-full size-full\" alt=\"complexe Verde Blu\" loading=\"lazy\" srcset=\"https:\/\/villa-wiola.gr\/wp-content\/uploads\/2021\/06\/verde-blue-complex.jpg 1920w, https:\/\/villa-wiola.gr\/wp-content\/uploads\/2021\/06\/verde-blue-complex-300x169.jpg 300w, https:\/\/villa-wiola.gr\/wp-content\/uploads\/2021\/06\/verde-blue-complex-1024x576.jpg 1024w, https:\/\/villa-wiola.gr\/wp-content\/uploads\/2021\/06\/verde-blue-complex-768x432.jpg 768w, https:\/\/villa-wiola.gr\/wp-content\/uploads\/2021\/06\/verde-blue-complex-1536x864.jpg 1536w, https:\/\/villa-wiola.gr\/wp-content\/uploads\/2021\/06\/verde-blue-complex-440x248.jpg 440w, https:\/\/villa-wiola.gr\/wp-content\/uploads\/2021\/06\/verde-blue-complex-600x338.jpg 600w\" sizes=\"(max-width: 1920px) 100vw, 1920px\" \/>\t\t\t\t\t\t\t\t\t\t\t<figcaption class=\"widget-image-caption wp-caption-text\">complexe Verde Blu<\/figcaption>\n\t\t\t\t\t\t\t\t\t\t<\/figure>\n\t\t\t\t\t\t\t\t\t<\/div>\n\t\t\t\t<\/div>\n\t\t\t\t\t<\/div>\n\t\t<\/div>\n\t\t\t\t\t\t\t<\/div>\n\t\t<\/section>\n\t\t\t\t<section class=\"elementor-section elementor-top-section elementor-element elementor-element-ecf05fe elementor-section-boxed elementor-section-height-default elementor-section-height-default\" data-id=\"ecf05fe\" data-element_type=\"section\" data-settings=\"{&quot;hoteller_ext_is_background_parallax&quot;:&quot;false&quot;,&quot;hoteller_ext_is_background_on_scroll&quot;:&quot;false&quot;}\">\n\t\t\t\t\t\t<div class=\"elementor-container elementor-column-gap-default\">\n\t\t\t\t\t<div class=\"elementor-column elementor-col-100 elementor-top-column elementor-element elementor-element-30f2e0e\" data-id=\"30f2e0e\" data-element_type=\"column\" data-settings=\"{&quot;hoteller_ext_is_scrollme&quot;:&quot;false&quot;,&quot;hoteller_ext_is_smoove&quot;:&quot;false&quot;,&quot;hoteller_ext_is_parallax_mouse&quot;:&quot;false&quot;,&quot;hoteller_ext_is_infinite&quot;:&quot;false&quot;,&quot;hoteller_ext_is_fadeout_animation&quot;:&quot;false&quot;}\">\n\t\t\t<div class=\"elementor-widget-wrap elementor-element-populated\">\n\t\t\t\t\t\t\t\t<div class=\"elementor-element elementor-element-161de67 elementor-invisible elementor-widget elementor-widget-text-editor\" data-id=\"161de67\" data-element_type=\"widget\" data-settings=\"{&quot;_animation&quot;:&quot;fadeInUp&quot;,&quot;_animation_delay&quot;:400,&quot;hoteller_ext_is_scrollme&quot;:&quot;false&quot;,&quot;hoteller_ext_is_smoove&quot;:&quot;false&quot;,&quot;hoteller_ext_is_parallax_mouse&quot;:&quot;false&quot;,&quot;hoteller_ext_is_infinite&quot;:&quot;false&quot;,&quot;hoteller_ext_is_fadeout_animation&quot;:&quot;false&quot;}\" data-widget_type=\"text-editor.default\">\n\t\t\t\t<div class=\"elementor-widget-container\">\n\t\t\t\t\t\t\t<p>\u00cele de Corfou<\/p>\n\t\t\t\t\t\t<\/div>\n\t\t\t\t<\/div>\n\t\t\t\t<div class=\"elementor-element elementor-element-c59af68 elementor-invisible elementor-widget elementor-widget-text-editor\" data-id=\"c59af68\" data-element_type=\"widget\" data-settings=\"{&quot;_animation&quot;:&quot;fadeInUp&quot;,&quot;hoteller_ext_is_scrollme&quot;:&quot;false&quot;,&quot;hoteller_ext_is_smoove&quot;:&quot;false&quot;,&quot;hoteller_ext_is_parallax_mouse&quot;:&quot;false&quot;,&quot;hoteller_ext_is_infinite&quot;:&quot;false&quot;,&quot;hoteller_ext_is_fadeout_animation&quot;:&quot;false&quot;}\" data-widget_type=\"text-editor.default\">\n\t\t\t\t<div class=\"elementor-widget-container\">\n\t\t\t\t\t\t\t<p>Corfou est l&rsquo;\u00eele ionienne la plus c\u00e9l\u00e8bre et l&rsquo;une des plus populaires de la M\u00e9diterran\u00e9e. Son centre-ville a \u00e9t\u00e9 class\u00e9 au patrimoine mondial de l&rsquo;UNESCO. Le mus\u00e9e de la ville de Corfou est parfaitement conserv\u00e9 et constitue un exemple de combinaison d&rsquo;architecture grecque et occidentale. Sur l&rsquo;\u00eele, vous pourrez admirer des \u00e9glises byzantines, des murs v\u00e9nitiens et des temples anciens. Vous pouvez \u00e9galement vous promener dans le village romain de Cassiop\u00e9e, vous badigeonner de la boue thermale de la c\u00f4te du Canal d&rsquo;Amour ou visiter le village des Nymphes, nomm\u00e9 d&rsquo;apr\u00e8s les nymphes de la mythologie.<\/p>\n\t\t\t\t\t\t<\/div>\n\t\t\t\t<\/div>\n\t\t\t\t\t<\/div>\n\t\t<\/div>\n\t\t\t\t\t\t\t<\/div>\n\t\t<\/section>\n\t\t\t\t<section class=\"elementor-section elementor-top-section elementor-element elementor-element-852f7f1 elementor-section-boxed elementor-section-height-default elementor-section-height-default\" data-id=\"852f7f1\" data-element_type=\"section\" data-settings=\"{&quot;hoteller_ext_is_background_parallax&quot;:&quot;false&quot;,&quot;hoteller_ext_is_background_on_scroll&quot;:&quot;false&quot;}\">\n\t\t\t\t\t\t<div class=\"elementor-container elementor-column-gap-default\">\n\t\t\t\t\t<div class=\"elementor-column elementor-col-100 elementor-top-column elementor-element elementor-element-c9fda0a\" data-id=\"c9fda0a\" data-element_type=\"column\" data-settings=\"{&quot;hoteller_ext_is_scrollme&quot;:&quot;false&quot;,&quot;hoteller_ext_is_smoove&quot;:&quot;false&quot;,&quot;hoteller_ext_is_parallax_mouse&quot;:&quot;false&quot;,&quot;hoteller_ext_is_infinite&quot;:&quot;false&quot;,&quot;hoteller_ext_is_fadeout_animation&quot;:&quot;false&quot;}\">\n\t\t\t<div class=\"elementor-widget-wrap elementor-element-populated\">\n\t\t\t\t\t\t\t\t<div class=\"elementor-element elementor-element-50259eb elementor-widget-divider--view-line elementor-widget elementor-widget-divider\" data-id=\"50259eb\" data-element_type=\"widget\" data-settings=\"{&quot;hoteller_ext_is_scrollme&quot;:&quot;false&quot;,&quot;hoteller_ext_is_smoove&quot;:&quot;false&quot;,&quot;hoteller_ext_is_parallax_mouse&quot;:&quot;false&quot;,&quot;hoteller_ext_is_infinite&quot;:&quot;false&quot;,&quot;hoteller_ext_is_fadeout_animation&quot;:&quot;false&quot;}\" data-widget_type=\"divider.default\">\n\t\t\t\t<div class=\"elementor-widget-container\">\n\t\t\t\t\t<div class=\"elementor-divider\">\n\t\t\t<span class=\"elementor-divider-separator\">\n\t\t\t\t\t\t<\/span>\n\t\t<\/div>\n\t\t\t\t<\/div>\n\t\t\t\t<\/div>\n\t\t\t\t<div class=\"elementor-element elementor-element-456b460 elementor-invisible elementor-widget elementor-widget-heading\" data-id=\"456b460\" data-element_type=\"widget\" data-settings=\"{&quot;_animation&quot;:&quot;fadeInUp&quot;,&quot;hoteller_ext_is_scrollme&quot;:&quot;false&quot;,&quot;hoteller_ext_is_smoove&quot;:&quot;false&quot;,&quot;hoteller_ext_is_parallax_mouse&quot;:&quot;false&quot;,&quot;hoteller_ext_is_infinite&quot;:&quot;false&quot;,&quot;hoteller_ext_is_fadeout_animation&quot;:&quot;false&quot;}\" data-widget_type=\"heading.default\">\n\t\t\t\t<div class=\"elementor-widget-container\">\n\t\t\t<h2 class=\"elementor-heading-title elementor-size-default\">Les pi\u00e8ces<\/h2>\t\t<\/div>\n\t\t\t\t<\/div>\n\t\t\t\t<div class=\"elementor-element elementor-element-95bc58d elementor-widget elementor-widget-hoteller-mouse-driven-vertical-carousel\" data-id=\"95bc58d\" data-element_type=\"widget\" data-settings=\"{&quot;hoteller_ext_is_scrollme&quot;:&quot;false&quot;,&quot;hoteller_ext_is_smoove&quot;:&quot;false&quot;,&quot;hoteller_ext_is_parallax_mouse&quot;:&quot;false&quot;,&quot;hoteller_ext_is_infinite&quot;:&quot;false&quot;,&quot;hoteller_ext_is_fadeout_animation&quot;:&quot;false&quot;}\" data-widget_type=\"hoteller-mouse-driven-vertical-carousel.default\">\n\t\t\t\t<div class=\"elementor-widget-container\">\n\t\t\t<div class=\"tg_mouse_driven_vertical_carousel_wrapper\">\n<header class=\"c-header c-header--archive c-header--project-list\">\n\t<div class=\"c-mouse-vertical-carousel js-carousel u-media-wrapper\">\n\t\t\n\t\t\t\t\t<div class=\"carousel__header\">\n\t\t\t\t\t\t\t\t<div class=\"carousel__sub_header\">Up to 4 guests<\/div>\n\t\t\t\t\t\t\t\t<h2>You may also like<\/h2>\n\t\t\t\t\t\t\t<\/div>\n\t\t\t\t\n\t\t<ul class=\"c-mouse-vertical-carousel__list js-carousel-list\">\n\t\t<li class=\"c-mouse-vertical-carousel__list-item js-carousel-list-item\" data-item-id=\"0\">\n\t\t\t<a href=\"https:\/\/villa-wiola.gr\/accommodation\/wiolas-home\/\" >\n\t\t\t\t\t\t\t\t<p class=\"c-mouse-vertical-carousel__eyebrow\">\n\t\t\t\t\tfrom \u20ac125\/night\t\t\t\t<\/p>\n\t\t\t\t\t\t\t\t<p class=\"c-mouse-vertical-carousel__title\">\n\t\t\t\t\tWiola&#039;s Home\t\t\t\t<\/p>\n\t\t\t\t\t\t\t<\/a>\n\t\t<\/li>\n\t\t\t<li class=\"c-mouse-vertical-carousel__list-item js-carousel-list-item\" data-item-id=\"1\">\n\t\t\t<a href=\"https:\/\/villa-wiola.gr\/accommodation\/wiolas-apartment\/\" >\n\t\t\t\t\t\t\t\t<p class=\"c-mouse-vertical-carousel__eyebrow\">\n\t\t\t\t\tfrom \u20ac115\/night\t\t\t\t<\/p>\n\t\t\t\t\t\t\t\t<p class=\"c-mouse-vertical-carousel__title\">\n\t\t\t\t\tWiola&#039;s Apartment\t\t\t\t<\/p>\n\t\t\t\t\t\t\t<\/a>\n\t\t<\/li>\n\t\t\t<\/ul>\n\t<i class=\"c-mouse-vertical-carousel__bg-img js-carousel-bg-img\" style=\"background-image: url(https:\/\/villa-wiola.gr\/wp-content\/uploads\/2021\/06\/wiolas-home-featured.jpg)\"><\/i>\n\t<i class=\"c-mouse-vertical-carousel__bg-img js-carousel-bg-img\" style=\"background-image: url(https:\/\/villa-wiola.gr\/wp-content\/uploads\/2021\/06\/ALL-1.jpg)\"><\/i>\n\t<i class=\"c-gradient-overlay\"><\/i>\n\t<\/div>\n<\/header>\n<\/div>\n\t\t<\/div>\n\t\t\t\t<\/div>\n\t\t\t\t\t<\/div>\n\t\t<\/div>\n\t\t\t\t\t\t\t<\/div>\n\t\t<\/section>\n\t\t\t\t<section class=\"elementor-section elementor-top-section elementor-element elementor-element-20ee4fe elementor-section-boxed elementor-section-height-default elementor-section-height-default\" data-id=\"20ee4fe\" data-element_type=\"section\" data-settings=\"{&quot;hoteller_ext_is_background_parallax&quot;:&quot;false&quot;,&quot;hoteller_ext_is_background_on_scroll&quot;:&quot;false&quot;}\">\n\t\t\t\t\t\t<div class=\"elementor-container elementor-column-gap-default\">\n\t\t\t\t\t<div class=\"elementor-column elementor-col-100 elementor-top-column elementor-element elementor-element-9b2ece3\" data-id=\"9b2ece3\" data-element_type=\"column\" data-settings=\"{&quot;hoteller_ext_is_scrollme&quot;:&quot;false&quot;,&quot;hoteller_ext_is_smoove&quot;:&quot;false&quot;,&quot;hoteller_ext_is_parallax_mouse&quot;:&quot;false&quot;,&quot;hoteller_ext_is_infinite&quot;:&quot;false&quot;,&quot;hoteller_ext_is_fadeout_animation&quot;:&quot;false&quot;}\">\n\t\t\t<div class=\"elementor-widget-wrap\">\n\t\t\t\t\t\t\t\t\t<\/div>\n\t\t<\/div>\n\t\t\t\t\t\t\t<\/div>\n\t\t<\/section>\n\t\t\t\t\t\t<\/div>\n\t\t\t\t\t<\/div>\n\t\t","protected":false},"excerpt":{"rendered":"<p>Explorez Barbati, explorez Corfou La beaut\u00e9 de la mer Ionienne vous attend. Le village de Barbati est situ\u00e9 au nord-est de Corfou, \u00e0 seulement 20 km de la capitale. Le village est situ\u00e9 sur les pentes de la plus haute [&hellip;]<\/p>\n","protected":false},"author":2,"featured_media":0,"parent":0,"menu_order":0,"comment_status":"closed","ping_status":"closed","template":"","meta":[],"_links":{"self":[{"href":"https:\/\/villa-wiola.gr\/fr\/wp-json\/wp\/v2\/pages\/3391"}],"collection":[{"href":"https:\/\/villa-wiola.gr\/fr\/wp-json\/wp\/v2\/pages"}],"about":[{"href":"https:\/\/villa-wiola.gr\/fr\/wp-json\/wp\/v2\/types\/page"}],"author":[{"embeddable":true,"href":"https:\/\/villa-wiola.gr\/fr\/wp-json\/wp\/v2\/users\/2"}],"replies":[{"embeddable":true,"href":"https:\/\/villa-wiola.gr\/fr\/wp-json\/wp\/v2\/comments?post=3391"}],"version-history":[{"count":3,"href":"https:\/\/villa-wiola.gr\/fr\/wp-json\/wp\/v2\/pages\/3391\/revisions"}],"predecessor-version":[{"id":3507,"href":"https:\/\/villa-wiola.gr\/fr\/wp-json\/wp\/v2\/pages\/3391\/revisions\/3507"}],"wp:attachment":[{"href":"https:\/\/villa-wiola.gr\/fr\/wp-json\/wp\/v2\/media?parent=3391"}],"curies":[{"name":"wp","href":"https:\/\/api.w.org\/{rel}","templated":true}]}}