{"id":3777,"date":"2021-09-02T11:32:07","date_gmt":"2021-09-02T08:32:07","guid":{"rendered":"https:\/\/villa-wiola.gr\/booking-confirmation\/la-transaction-a-echoue\/"},"modified":"2021-09-02T11:32:07","modified_gmt":"2021-09-02T08:32:07","slug":"la-transaction-a-echoue","status":"publish","type":"page","link":"https:\/\/villa-wiola.gr\/fr\/booking-confirmation\/la-transaction-a-echoue\/","title":{"rendered":"La transaction a \u00e9chou\u00e9"},"content":{"rendered":"<p>Malheureusement, votre transaction ne peut \u00eatre compl\u00e9t\u00e9e pour le moment. Veuillez r\u00e9essayer ou nous contacter.<\/p>\n","protected":false},"excerpt":{"rendered":"<p>Malheureusement, votre transaction ne peut \u00eatre compl\u00e9t\u00e9e pour le moment. Veuillez r\u00e9essayer ou nous contacter.<\/p>\n","protected":false},"author":2,"featured_media":0,"parent":3535,"menu_order":0,"comment_status":"closed","ping_status":"closed","template":"","meta":[],"_links":{"self":[{"href":"https:\/\/villa-wiola.gr\/fr\/wp-json\/wp\/v2\/pages\/3777"}],"collection":[{"href":"https:\/\/villa-wiola.gr\/fr\/wp-json\/wp\/v2\/pages"}],"about":[{"href":"https:\/\/villa-wiola.gr\/fr\/wp-json\/wp\/v2\/types\/page"}],"author":[{"embeddable":true,"href":"https:\/\/villa-wiola.gr\/fr\/wp-json\/wp\/v2\/users\/2"}],"replies":[{"embeddable":true,"href":"https:\/\/villa-wiola.gr\/fr\/wp-json\/wp\/v2\/comments?post=3777"}],"version-history":[{"count":0,"href":"https:\/\/villa-wiola.gr\/fr\/wp-json\/wp\/v2\/pages\/3777\/revisions"}],"up":[{"embeddable":true,"href":"https:\/\/villa-wiola.gr\/fr\/wp-json\/wp\/v2\/pages\/3535"}],"wp:attachment":[{"href":"https:\/\/villa-wiola.gr\/fr\/wp-json\/wp\/v2\/media?parent=3777"}],"curies":[{"name":"wp","href":"https:\/\/api.w.org\/{rel}","templated":true}]}}